{"id":1399,"date":"2016-02-23T19:41:42","date_gmt":"2016-02-23T18:41:42","guid":{"rendered":"http:\/\/www.clinicadentalamigo.net\/?page_id=1399"},"modified":"2016-11-30T19:34:32","modified_gmt":"2016-11-30T18:34:32","slug":"mantenimiento-coronas-y-puentes","status":"publish","type":"page","link":"https:\/\/www.clinicadentalamigo.net\/index.php\/mantenimiento\/mantenimiento-coronas-y-puentes\/","title":{"rendered":"Mantenimiento Coronas y Puentes"},"content":{"rendered":"<p>[vc_row css=\u00bb.vc_custom_1480530865604{margin-bottom: 150px !important;}\u00bb][vc_column][vc_column_text]<\/p>\n<p class=\"p1\" style=\"text-align: justify;\">La Higiene Buco-dental es de trascendental importancia cuando estamos usando un Puente Fijo. Todos los d\u00edas, despu\u00e9s de cada comida, debe cepillarse adecuadamente.<\/p>\n<p class=\"p1\" style=\"text-align: justify;\">Se recomienda el uso de cepillos interproximales y\/o irrigadores dentales. Si usted nota mal aliento es porque se est\u00e1 descuidando en la Higiene. La porcelana es un material inerte que por s\u00ed misma no genera ning\u00fan tipo de olor ni sabor.<\/p>\n<p class=\"p1\" style=\"text-align: justify;\">Deber\u00e1 cepillarse despu\u00e9s de cada comida, utilizando pastas dent\u00edfricas, cepillos interpr\u00f3ximales y aparatos irrigadores, con el fin de que no queden residuos de alimentos en la boca.<\/p>\n<p class=\"p1\" style=\"text-align: justify;\">Con respecto a la duraci\u00f3n de las coronas y puentes, cada diez a\u00f1os se recomienda cambiarlas por el desajuste que se crea. La medida m\u00e1s importante que puede tomar para garantizar la longevidad de su corona o puente es practicar una buena higiene bucal. Si los dientes o el hueso que sostienen un puente son da\u00f1ados por una enfermedad dental, el puente perder\u00e1 el apoyo. Mantenga sus enc\u00edas y dientes saludables cepill\u00e1ndose. Adem\u00e1s, consulte al odont\u00f3logo peri\u00f3dicamente para que le realice revisiones o controles y limpiezas profesionales.<\/p>\n<p>[\/vc_column_text][\/vc_column][\/vc_row]<\/p>\n","protected":false},"excerpt":{"rendered":"<p>[vc_row css=\u00bb.vc_custom_1480530865604{margin-bottom: 150px !important;}\u00bb][vc_column][vc_column_text] La Higiene Buco-dental es de trascendental importancia cuando estamos usando un Puente Fijo. Todos los d\u00edas, despu\u00e9s de cada comida, debe cepillarse adecuadamente. Se recomienda el uso de cepillos interproximales y\/o irrigadores dentales. Si usted nota mal aliento es porque se est\u00e1 descuidando en la Higiene. La porcelana es un material&#8230;<\/p>\n","protected":false},"author":1,"featured_media":0,"parent":1476,"menu_order":3,"comment_status":"closed","ping_status":"closed","template":"","meta":[],"_links":{"self":[{"href":"https:\/\/www.clinicadentalamigo.net\/index.php\/wp-json\/wp\/v2\/pages\/1399"}],"collection":[{"href":"https:\/\/www.clinicadentalamigo.net\/index.php\/wp-json\/wp\/v2\/pages"}],"about":[{"href":"https:\/\/www.clinicadentalamigo.net\/index.php\/wp-json\/wp\/v2\/types\/page"}],"author":[{"embeddable":true,"href":"https:\/\/www.clinicadentalamigo.net\/index.php\/wp-json\/wp\/v2\/users\/1"}],"replies":[{"embeddable":true,"href":"https:\/\/www.clinicadentalamigo.net\/index.php\/wp-json\/wp\/v2\/comments?post=1399"}],"version-history":[{"count":4,"href":"https:\/\/www.clinicadentalamigo.net\/index.php\/wp-json\/wp\/v2\/pages\/1399\/revisions"}],"predecessor-version":[{"id":1678,"href":"https:\/\/www.clinicadentalamigo.net\/index.php\/wp-json\/wp\/v2\/pages\/1399\/revisions\/1678"}],"up":[{"embeddable":true,"href":"https:\/\/www.clinicadentalamigo.net\/index.php\/wp-json\/wp\/v2\/pages\/1476"}],"wp:attachment":[{"href":"https:\/\/www.clinicadentalamigo.net\/index.php\/wp-json\/wp\/v2\/media?parent=1399"}],"curies":[{"name":"wp","href":"https:\/\/api.w.org\/{rel}","templated":true}]}}